{"id":34,"date":"2012-12-02T17:18:47","date_gmt":"2012-12-02T15:18:47","guid":{"rendered":"http:\/\/podcampus.phwien.ac.at\/digimed\/?page_id=6"},"modified":"2012-12-02T17:18:47","modified_gmt":"2012-12-02T15:18:47","slug":"impressum","status":"publish","type":"page","link":"https:\/\/digimed.phwien.ac.at\/?page_id=34","title":{"rendered":"Impressum"},"content":{"rendered":"<p>In diesem Blog publizieren StudentInnen der P\u00e4dagogischen Hochschule (PH) Wien Beitr\u00e4ge aus Seminaren.<\/p>\n<address>F\u00fcr den Inhalt verantwortlich:<br \/>\nChristian Berger, MA.<br \/>\nP\u00e4d.Hochschule Wien<em><br \/>\nmail: christian.berger(at)phwien.ac.at<\/em><em><br \/>\nweb: <a href=\"http:\/\/zli.phwien.ac.at\/team\/christian-berger\/\" target=\"_blank\" rel=\"noopener noreferrer\">http:\/\/www.phwien.ac.at\/<\/a><\/em><em><br \/>\nA-1100 Wien, Grenzackerstr. 18<\/em><\/address>\n<address><a href=\"https:\/\/www.phwien.ac.at\/datenschutzerklaerung\" target=\"_blank\" rel=\"noopener noreferrer\"><em>Datenschutzerkl\u00e4rung<\/em><\/a><\/address>\n","protected":false},"excerpt":{"rendered":"<p>In diesem Blog publizieren StudentInnen der P\u00e4dagogischen Hochschule (PH) Wien Beitr\u00e4ge aus Seminaren. F\u00fcr den Inhalt verantwortlich: Christian Berger, MA. P\u00e4d.Hochschule Wien mail: christian.berger(at)phwien.ac.at web: http:\/\/www.phwien.ac.at\/ A-1100 Wien, Grenzackerstr. 18 Datenschutzerkl\u00e4rung<\/p>\n","protected":false},"author":4,"featured_media":0,"parent":0,"menu_order":0,"comment_status":"closed","ping_status":"closed","template":"","meta":{"footnotes":""},"class_list":["post-34","page","type-page","status-publish","hentry"],"_links":{"self":[{"href":"https:\/\/digimed.phwien.ac.at\/index.php?rest_route=\/wp\/v2\/pages\/34","targetHints":{"allow":["GET"]}}],"collection":[{"href":"https:\/\/digimed.phwien.ac.at\/index.php?rest_route=\/wp\/v2\/pages"}],"about":[{"href":"https:\/\/digimed.phwien.ac.at\/index.php?rest_route=\/wp\/v2\/types\/page"}],"author":[{"embeddable":true,"href":"https:\/\/digimed.phwien.ac.at\/index.php?rest_route=\/wp\/v2\/users\/4"}],"replies":[{"embeddable":true,"href":"https:\/\/digimed.phwien.ac.at\/index.php?rest_route=%2Fwp%2Fv2%2Fcomments&post=34"}],"version-history":[{"count":0,"href":"https:\/\/digimed.phwien.ac.at\/index.php?rest_route=\/wp\/v2\/pages\/34\/revisions"}],"wp:attachment":[{"href":"https:\/\/digimed.phwien.ac.at\/index.php?rest_route=%2Fwp%2Fv2%2Fmedia&parent=34"}],"curies":[{"name":"wp","href":"https:\/\/api.w.org\/{rel}","templated":true}]}}